{"id":342,"date":"2022-06-06T15:38:22","date_gmt":"2022-06-06T15:38:22","guid":{"rendered":"https:\/\/axesa1.caribemedia.online\/allriskinsurancepr\/?page_id=342"},"modified":"2023-08-30T22:21:08","modified_gmt":"2023-08-30T22:21:08","slug":"gracias","status":"publish","type":"page","link":"https:\/\/allriskpr.com\/en\/gracias\/","title":{"rendered":"Gracias"},"content":{"rendered":"<div data-elementor-type=\"wp-page\" data-elementor-id=\"342\" class=\"elementor elementor-342\" data-elementor-settings=\"{&quot;ha_cmc_init_switcher&quot;:&quot;no&quot;}\">\n\t\t\t\t\t\t<section class=\"elementor-section elementor-top-section elementor-element elementor-element-a8c6a07 elementor-section-boxed elementor-section-height-default elementor-section-height-default\" data-id=\"a8c6a07\" data-element_type=\"section\" data-e-type=\"section\" data-settings=\"{&quot;_ha_eqh_enable&quot;:false}\">\n\t\t\t\t\t\t<div class=\"elementor-container elementor-column-gap-default\">\n\t\t\t\t\t<div class=\"elementor-column elementor-col-100 elementor-top-column elementor-element elementor-element-e585fcc\" data-id=\"e585fcc\" data-element_type=\"column\" data-e-type=\"column\">\n\t\t\t<div class=\"elementor-widget-wrap elementor-element-populated\">\n\t\t\t\t\t\t<div class=\"elementor-element elementor-element-86acfaf elementor-view-default elementor-widget elementor-widget-icon\" data-id=\"86acfaf\" data-element_type=\"widget\" data-e-type=\"widget\" data-widget_type=\"icon.default\">\n\t\t\t\t<div class=\"elementor-widget-container\">\n\t\t\t\t\t\t\t<div class=\"elementor-icon-wrapper\">\n\t\t\t<div class=\"elementor-icon\">\n\t\t\t<svg aria-hidden=\"true\" class=\"e-font-icon-svg e-fab-telegram-plane\" viewbox=\"0 0 448 512\" xmlns=\"http:\/\/www.w3.org\/2000\/svg\"><path d=\"M446.7 98.6l-67.6 318.8c-5.1 22.5-18.4 28.1-37.3 17.5l-103-75.9-49.7 47.8c-5.5 5.5-10.1 10.1-20.7 10.1l7.4-104.9 190.9-172.5c8.3-7.4-1.8-11.5-12.9-4.1L117.8 284 16.2 252.2c-22.1-6.9-22.5-22.1 4.6-32.7L418.2 66.4c18.4-6.9 34.5 4.1 28.5 32.2z\"><\/path><\/svg>\t\t\t<\/div>\n\t\t<\/div>\n\t\t\t\t\t\t<\/div>\n\t\t\t\t<\/div>\n\t\t\t\t<div class=\"elementor-element elementor-element-70c29e2 elementor-widget elementor-widget-heading\" data-id=\"70c29e2\" data-element_type=\"widget\" data-e-type=\"widget\" data-widget_type=\"heading.default\">\n\t\t\t\t<div class=\"elementor-widget-container\">\n\t\t\t\t\t<h3 class=\"elementor-heading-title elementor-size-default\">Thank you for contacting us<\/h3>\t\t\t\t<\/div>\n\t\t\t\t<\/div>\n\t\t\t\t<div class=\"elementor-element elementor-element-8c29ac3 elementor-widget elementor-widget-text-editor\" data-id=\"8c29ac3\" data-element_type=\"widget\" data-e-type=\"widget\" data-widget_type=\"text-editor.default\">\n\t\t\t\t<div class=\"elementor-widget-container\">\n\t\t\t\t\t\t\t\t\t<p>Su mensaje se est\u00e1 enviando<\/p>\t\t\t\t\t\t\t\t<\/div>\n\t\t\t\t<\/div>\n\t\t\t\t\t<\/div>\n\t\t<\/div>\n\t\t\t\t\t<\/div>\n\t\t<\/section>\n\t\t\t\t<section class=\"elementor-section elementor-top-section elementor-element elementor-element-3e5ce55 elementor-hidden-desktop elementor-hidden-tablet elementor-hidden-mobile elementor-section-boxed elementor-section-height-default elementor-section-height-default\" data-id=\"3e5ce55\" data-element_type=\"section\" data-e-type=\"section\" data-settings=\"{&quot;_ha_eqh_enable&quot;:false}\">\n\t\t\t\t\t\t<div class=\"elementor-container elementor-column-gap-default\">\n\t\t\t\t\t<div class=\"elementor-column elementor-col-100 elementor-top-column elementor-element elementor-element-932efc8\" data-id=\"932efc8\" data-element_type=\"column\" data-e-type=\"column\">\n\t\t\t<div class=\"elementor-widget-wrap elementor-element-populated\">\n\t\t\t\t\t\t<div class=\"elementor-element elementor-element-0fe6c9c elementor-widget elementor-widget-html\" data-id=\"0fe6c9c\" data-element_type=\"widget\" data-e-type=\"widget\" data-widget_type=\"html.default\">\n\t\t\t\t<div class=\"elementor-widget-container\">\n\t\t\t\t\t<!-- Event snippet for Page view conversion page -->\n\n<script>\n\n  gtag('event', 'conversion', {'send_to': 'AW-328084930\/EZmSCOGpzt4CEMLbuJwB'});\n\n<\/script>\t\t\t\t<\/div>\n\t\t\t\t<\/div>\n\t\t\t\t\t<\/div>\n\t\t<\/div>\n\t\t\t\t\t<\/div>\n\t\t<\/section>\n\t\t\t\t<\/div>","protected":false},"excerpt":{"rendered":"<p>Gracias por contactarnos Su mensaje se est\u00c3\u00a1 enviando<\/p>","protected":false},"author":3,"featured_media":0,"parent":0,"menu_order":0,"comment_status":"closed","ping_status":"closed","template":"elementor_header_footer","meta":{"_joinchat":[],"footnotes":""},"class_list":["post-342","page","type-page","status-publish","hentry"],"yoast_head":"<!-- This site is optimized with the Yoast SEO plugin v27.5 - https:\/\/yoast.com\/product\/yoast-seo-wordpress\/ -->\n<title>All Risk Insurance Puerto Rico | Todos tus seguros, en un solo lugar<\/title>\n<meta name=\"description\" content=\"Experiencia de m\u00e1s de 30 a\u00f1os en la industria, adem\u00e1s de conocimiento y excelente comunicaci\u00f3n con las compa\u00f1\u00edas de seguros.\" \/>\n<meta name=\"robots\" content=\"index, follow, max-snippet:-1, max-image-preview:large, max-video-preview:-1\" \/>\n<link rel=\"canonical\" href=\"https:\/\/allriskpr.com\/en\/gracias\/\" \/>\n<meta property=\"og:locale\" content=\"en_US\" \/>\n<meta property=\"og:type\" content=\"article\" \/>\n<meta property=\"og:title\" content=\"All Risk Insurance Puerto Rico | Todos tus seguros, en un solo lugar\" \/>\n<meta property=\"og:description\" content=\"Experiencia de m\u00e1s de 30 a\u00f1os en la industria, adem\u00e1s de conocimiento y excelente comunicaci\u00f3n con las compa\u00f1\u00edas de seguros.\" \/>\n<meta property=\"og:url\" content=\"https:\/\/allriskpr.com\/en\/gracias\/\" \/>\n<meta property=\"og:site_name\" content=\"All Risk Insurance Puerto Rico\" \/>\n<meta property=\"article:modified_time\" content=\"2023-08-30T22:21:08+00:00\" \/>\n<meta property=\"og:image\" content=\"https:\/\/allriskpr.com\/wp-content\/uploads\/2022\/05\/logo-17.png\" \/>\n\t<meta property=\"og:image:width\" content=\"669\" \/>\n\t<meta property=\"og:image:height\" content=\"221\" \/>\n\t<meta property=\"og:image:type\" content=\"image\/png\" \/>\n<meta name=\"twitter:card\" content=\"summary_large_image\" \/>\n<meta name=\"twitter:label1\" content=\"Est. reading time\" \/>\n\t<meta name=\"twitter:data1\" content=\"1 minute\" \/>\n<script type=\"application\/ld+json\" class=\"yoast-schema-graph\">{\"@context\":\"https:\\\/\\\/schema.org\",\"@graph\":[{\"@type\":\"WebPage\",\"@id\":\"https:\\\/\\\/allriskpr.com\\\/gracias\\\/\",\"url\":\"https:\\\/\\\/allriskpr.com\\\/gracias\\\/\",\"name\":\"All Risk Insurance Puerto Rico | Todos tus seguros, en un solo lugar\",\"isPartOf\":{\"@id\":\"https:\\\/\\\/allriskpr.com\\\/#website\"},\"datePublished\":\"2022-06-06T15:38:22+00:00\",\"dateModified\":\"2023-08-30T22:21:08+00:00\",\"description\":\"Experiencia de m\u00e1s de 30 a\u00f1os en la industria, adem\u00e1s de conocimiento y excelente comunicaci\u00f3n con las compa\u00f1\u00edas de seguros.\",\"breadcrumb\":{\"@id\":\"https:\\\/\\\/allriskpr.com\\\/gracias\\\/#breadcrumb\"},\"inLanguage\":\"en-US\",\"potentialAction\":[{\"@type\":\"ReadAction\",\"target\":[\"https:\\\/\\\/allriskpr.com\\\/gracias\\\/\"]}]},{\"@type\":\"BreadcrumbList\",\"@id\":\"https:\\\/\\\/allriskpr.com\\\/gracias\\\/#breadcrumb\",\"itemListElement\":[{\"@type\":\"ListItem\",\"position\":1,\"name\":\"Home\",\"item\":\"https:\\\/\\\/allriskpr.com\\\/\"},{\"@type\":\"ListItem\",\"position\":2,\"name\":\"Gracias\"}]},{\"@type\":\"WebSite\",\"@id\":\"https:\\\/\\\/allriskpr.com\\\/#website\",\"url\":\"https:\\\/\\\/allriskpr.com\\\/\",\"name\":\"All Risk Insurance Puerto Rico\",\"description\":\"Todos tus seguros, en un solo lugar\",\"publisher\":{\"@id\":\"https:\\\/\\\/allriskpr.com\\\/#organization\"},\"alternateName\":\"All Risk Insurance Puerto Rico\",\"potentialAction\":[{\"@type\":\"SearchAction\",\"target\":{\"@type\":\"EntryPoint\",\"urlTemplate\":\"https:\\\/\\\/allriskpr.com\\\/?s={search_term_string}\"},\"query-input\":{\"@type\":\"PropertyValueSpecification\",\"valueRequired\":true,\"valueName\":\"search_term_string\"}}],\"inLanguage\":\"en-US\"},{\"@type\":\"Organization\",\"@id\":\"https:\\\/\\\/allriskpr.com\\\/#organization\",\"name\":\"All Risk Insurance Puerto Rico\",\"url\":\"https:\\\/\\\/allriskpr.com\\\/\",\"logo\":{\"@type\":\"ImageObject\",\"inLanguage\":\"en-US\",\"@id\":\"https:\\\/\\\/allriskpr.com\\\/#\\\/schema\\\/logo\\\/image\\\/\",\"url\":\"https:\\\/\\\/allriskpr.com\\\/wp-content\\\/uploads\\\/2022\\\/05\\\/logo-17.png\",\"contentUrl\":\"https:\\\/\\\/allriskpr.com\\\/wp-content\\\/uploads\\\/2022\\\/05\\\/logo-17.png\",\"width\":669,\"height\":221,\"caption\":\"All Risk Insurance Puerto Rico\"},\"image\":{\"@id\":\"https:\\\/\\\/allriskpr.com\\\/#\\\/schema\\\/logo\\\/image\\\/\"}}]}<\/script>\n<!-- \/ Yoast SEO plugin. -->","yoast_head_json":{"title":"All Risk Insurance Puerto Rico | Todos tus seguros, en un solo lugar","description":"Experiencia de m\u00e1s de 30 a\u00f1os en la industria, adem\u00e1s de conocimiento y excelente comunicaci\u00f3n con las compa\u00f1\u00edas de seguros.","robots":{"index":"index","follow":"follow","max-snippet":"max-snippet:-1","max-image-preview":"max-image-preview:large","max-video-preview":"max-video-preview:-1"},"canonical":"https:\/\/allriskpr.com\/en\/gracias\/","og_locale":"en_US","og_type":"article","og_title":"All Risk Insurance Puerto Rico | Todos tus seguros, en un solo lugar","og_description":"Experiencia de m\u00e1s de 30 a\u00f1os en la industria, adem\u00e1s de conocimiento y excelente comunicaci\u00f3n con las compa\u00f1\u00edas de seguros.","og_url":"https:\/\/allriskpr.com\/en\/gracias\/","og_site_name":"All Risk Insurance Puerto Rico","article_modified_time":"2023-08-30T22:21:08+00:00","og_image":[{"width":669,"height":221,"url":"https:\/\/allriskpr.com\/wp-content\/uploads\/2022\/05\/logo-17.png","type":"image\/png"}],"twitter_card":"summary_large_image","twitter_misc":{"Est. reading time":"1 minute"},"schema":{"@context":"https:\/\/schema.org","@graph":[{"@type":"WebPage","@id":"https:\/\/allriskpr.com\/gracias\/","url":"https:\/\/allriskpr.com\/gracias\/","name":"All Risk Insurance Puerto Rico | Todos tus seguros, en un solo lugar","isPartOf":{"@id":"https:\/\/allriskpr.com\/#website"},"datePublished":"2022-06-06T15:38:22+00:00","dateModified":"2023-08-30T22:21:08+00:00","description":"Experiencia de m\u00e1s de 30 a\u00f1os en la industria, adem\u00e1s de conocimiento y excelente comunicaci\u00f3n con las compa\u00f1\u00edas de seguros.","breadcrumb":{"@id":"https:\/\/allriskpr.com\/gracias\/#breadcrumb"},"inLanguage":"en-US","potentialAction":[{"@type":"ReadAction","target":["https:\/\/allriskpr.com\/gracias\/"]}]},{"@type":"BreadcrumbList","@id":"https:\/\/allriskpr.com\/gracias\/#breadcrumb","itemListElement":[{"@type":"ListItem","position":1,"name":"Home","item":"https:\/\/allriskpr.com\/"},{"@type":"ListItem","position":2,"name":"Gracias"}]},{"@type":"WebSite","@id":"https:\/\/allriskpr.com\/#website","url":"https:\/\/allriskpr.com\/","name":"All Risk Insurance Puerto Rico","description":"Todos tus seguros, en un solo lugar","publisher":{"@id":"https:\/\/allriskpr.com\/#organization"},"alternateName":"All Risk Insurance Puerto Rico","potentialAction":[{"@type":"SearchAction","target":{"@type":"EntryPoint","urlTemplate":"https:\/\/allriskpr.com\/?s={search_term_string}"},"query-input":{"@type":"PropertyValueSpecification","valueRequired":true,"valueName":"search_term_string"}}],"inLanguage":"en-US"},{"@type":"Organization","@id":"https:\/\/allriskpr.com\/#organization","name":"All Risk Insurance Puerto Rico","url":"https:\/\/allriskpr.com\/","logo":{"@type":"ImageObject","inLanguage":"en-US","@id":"https:\/\/allriskpr.com\/#\/schema\/logo\/image\/","url":"https:\/\/allriskpr.com\/wp-content\/uploads\/2022\/05\/logo-17.png","contentUrl":"https:\/\/allriskpr.com\/wp-content\/uploads\/2022\/05\/logo-17.png","width":669,"height":221,"caption":"All Risk Insurance Puerto Rico"},"image":{"@id":"https:\/\/allriskpr.com\/#\/schema\/logo\/image\/"}}]}},"_links":{"self":[{"href":"https:\/\/allriskpr.com\/en\/wp-json\/wp\/v2\/pages\/342","targetHints":{"allow":["GET"]}}],"collection":[{"href":"https:\/\/allriskpr.com\/en\/wp-json\/wp\/v2\/pages"}],"about":[{"href":"https:\/\/allriskpr.com\/en\/wp-json\/wp\/v2\/types\/page"}],"author":[{"embeddable":true,"href":"https:\/\/allriskpr.com\/en\/wp-json\/wp\/v2\/users\/3"}],"replies":[{"embeddable":true,"href":"https:\/\/allriskpr.com\/en\/wp-json\/wp\/v2\/comments?post=342"}],"version-history":[{"count":1,"href":"https:\/\/allriskpr.com\/en\/wp-json\/wp\/v2\/pages\/342\/revisions"}],"predecessor-version":[{"id":1092,"href":"https:\/\/allriskpr.com\/en\/wp-json\/wp\/v2\/pages\/342\/revisions\/1092"}],"wp:attachment":[{"href":"https:\/\/allriskpr.com\/en\/wp-json\/wp\/v2\/media?parent=342"}],"curies":[{"name":"wp","href":"https:\/\/api.w.org\/{rel}","templated":true}]}}