{"id":10,"date":"2022-05-25T18:33:23","date_gmt":"2022-05-25T18:33:23","guid":{"rendered":"https:\/\/axesa1.caribemedia.online\/allriskinsurancepr\/?page_id=10"},"modified":"2026-04-22T17:18:50","modified_gmt":"2026-04-22T17:18:50","slug":"contacto","status":"publish","type":"page","link":"https:\/\/allriskpr.com\/en\/contacto\/","title":{"rendered":"Contact"},"content":{"rendered":"\t\t<div data-elementor-type=\"wp-page\" data-elementor-id=\"10\" class=\"elementor elementor-10\" data-elementor-settings=\"{&quot;ha_cmc_init_switcher&quot;:&quot;no&quot;}\">\n\t\t\t\t\t\t<section class=\"elementor-section elementor-top-section elementor-element elementor-element-d07d0d2 elementor-section-boxed elementor-section-height-default elementor-section-height-default\" data-id=\"d07d0d2\" data-element_type=\"section\" data-e-type=\"section\" data-settings=\"{&quot;jet_parallax_layout_list&quot;:[],&quot;background_background&quot;:&quot;classic&quot;,&quot;_ha_eqh_enable&quot;:false}\">\n\t\t\t\t\t\t<div class=\"elementor-container elementor-column-gap-default\">\n\t\t\t\t\t<div class=\"elementor-column elementor-col-100 elementor-top-column elementor-element elementor-element-367d54f\" data-id=\"367d54f\" data-element_type=\"column\" data-e-type=\"column\">\n\t\t\t<div class=\"elementor-widget-wrap elementor-element-populated\">\n\t\t\t\t\t\t<div class=\"elementor-element elementor-element-cc42485 elementor-widget elementor-widget-heading\" data-id=\"cc42485\" data-element_type=\"widget\" data-e-type=\"widget\" data-widget_type=\"heading.default\">\n\t\t\t\t<div class=\"elementor-widget-container\">\n\t\t\t\t\t<h3 class=\"elementor-heading-title elementor-size-default\">Comun\u00edquese Con Nosotros<\/h3>\t\t\t\t<\/div>\n\t\t\t\t<\/div>\n\t\t\t\t\t<\/div>\n\t\t<\/div>\n\t\t\t\t\t<\/div>\n\t\t<\/section>\n\t\t\t\t<section class=\"elementor-section elementor-top-section elementor-element elementor-element-c5ef1d7 elementor-section-boxed elementor-section-height-default elementor-section-height-default\" data-id=\"c5ef1d7\" data-element_type=\"section\" data-e-type=\"section\" data-settings=\"{&quot;jet_parallax_layout_list&quot;:[],&quot;background_background&quot;:&quot;classic&quot;,&quot;_ha_eqh_enable&quot;:false}\">\n\t\t\t\t\t\t<div class=\"elementor-container elementor-column-gap-default\">\n\t\t\t\t\t<div class=\"elementor-column elementor-col-100 elementor-top-column elementor-element elementor-element-21eae4e\" data-id=\"21eae4e\" data-element_type=\"column\" data-e-type=\"column\">\n\t\t\t<div class=\"elementor-widget-wrap elementor-element-populated\">\n\t\t\t\t\t\t<section class=\"elementor-section elementor-inner-section elementor-element elementor-element-02fe65b elementor-section-content-middle elementor-section-full_width elementor-section-height-default elementor-section-height-default\" data-id=\"02fe65b\" data-element_type=\"section\" data-e-type=\"section\" data-settings=\"{&quot;jet_parallax_layout_list&quot;:[],&quot;_ha_eqh_enable&quot;:false}\">\n\t\t\t\t\t\t<div class=\"elementor-container elementor-column-gap-default\">\n\t\t\t\t\t<div class=\"elementor-column elementor-col-50 elementor-inner-column elementor-element elementor-element-b73e367\" data-id=\"b73e367\" data-element_type=\"column\" data-e-type=\"column\">\n\t\t\t<div class=\"elementor-widget-wrap elementor-element-populated\">\n\t\t\t\t\t\t<div class=\"elementor-element elementor-element-c618b49 elementor-widget elementor-widget-image\" data-id=\"c618b49\" data-element_type=\"widget\" data-e-type=\"widget\" data-widget_type=\"image.default\">\n\t\t\t\t<div class=\"elementor-widget-container\">\n\t\t\t\t\t\t\t\t\t\t\t\t\t\t\t<img decoding=\"async\" src=\"https:\/\/allriskpr.com\/wp-content\/uploads\/2022\/05\/logo-17.png\" title=\"All Risk Insurance\" alt=\"All Risk Insurance\" loading=\"lazy\" \/>\t\t\t\t\t\t\t\t\t\t\t\t\t\t\t<\/div>\n\t\t\t\t<\/div>\n\t\t\t\t<div class=\"elementor-element elementor-element-29f8631 elementor-align-center elementor-icon-list--layout-traditional elementor-list-item-link-full_width elementor-widget elementor-widget-icon-list\" data-id=\"29f8631\" data-element_type=\"widget\" data-e-type=\"widget\" data-widget_type=\"icon-list.default\">\n\t\t\t\t<div class=\"elementor-widget-container\">\n\t\t\t\t\t\t\t<ul class=\"elementor-icon-list-items\">\n\t\t\t\t\t\t\t<li class=\"elementor-icon-list-item\">\n\t\t\t\t\t\t\t\t\t\t\t<a href=\"tel:787-780-1212\">\n\n\t\t\t\t\t\t\t\t\t\t\t\t<span class=\"elementor-icon-list-icon\">\n\t\t\t\t\t\t\t<svg aria-hidden=\"true\" class=\"e-font-icon-svg e-fas-phone-alt\" viewBox=\"0 0 512 512\" xmlns=\"http:\/\/www.w3.org\/2000\/svg\"><path d=\"M497.39 361.8l-112-48a24 24 0 0 0-28 6.9l-49.6 60.6A370.66 370.66 0 0 1 130.6 204.11l60.6-49.6a23.94 23.94 0 0 0 6.9-28l-48-112A24.16 24.16 0 0 0 122.6.61l-104 24A24 24 0 0 0 0 48c0 256.5 207.9 464 464 464a24 24 0 0 0 23.4-18.6l24-104a24.29 24.29 0 0 0-14.01-27.6z\"><\/path><\/svg>\t\t\t\t\t\t<\/span>\n\t\t\t\t\t\t\t\t\t\t<span class=\"elementor-icon-list-text\">787-780-1212<\/span>\n\t\t\t\t\t\t\t\t\t\t\t<\/a>\n\t\t\t\t\t\t\t\t\t<\/li>\n\t\t\t\t\t\t<\/ul>\n\t\t\t\t\t\t<\/div>\n\t\t\t\t<\/div>\n\t\t\t\t\t<\/div>\n\t\t<\/div>\n\t\t\t\t<div class=\"elementor-column elementor-col-50 elementor-inner-column elementor-element elementor-element-e362b40\" data-id=\"e362b40\" data-element_type=\"column\" data-e-type=\"column\">\n\t\t\t<div class=\"elementor-widget-wrap elementor-element-populated\">\n\t\t\t\t\t\t<div class=\"elementor-element elementor-element-d2c89fc elementor-icon-list--layout-traditional elementor-list-item-link-full_width elementor-widget elementor-widget-icon-list\" data-id=\"d2c89fc\" data-element_type=\"widget\" data-e-type=\"widget\" data-widget_type=\"icon-list.default\">\n\t\t\t\t<div class=\"elementor-widget-container\">\n\t\t\t\t\t\t\t<ul class=\"elementor-icon-list-items\">\n\t\t\t\t\t\t\t<li class=\"elementor-icon-list-item\">\n\t\t\t\t\t\t\t\t\t\t\t<span class=\"elementor-icon-list-icon\">\n\t\t\t\t\t\t\t<svg aria-hidden=\"true\" class=\"e-font-icon-svg e-fas-map-marker-alt\" viewBox=\"0 0 384 512\" xmlns=\"http:\/\/www.w3.org\/2000\/svg\"><path d=\"M172.268 501.67C26.97 291.031 0 269.413 0 192 0 85.961 85.961 0 192 0s192 85.961 192 192c0 77.413-26.97 99.031-172.268 309.67-9.535 13.774-29.93 13.773-39.464 0zM192 272c44.183 0 80-35.817 80-80s-35.817-80-80-80-80 35.817-80 80 35.817 80 80 80z\"><\/path><\/svg>\t\t\t\t\t\t<\/span>\n\t\t\t\t\t\t\t\t\t\t<span class=\"elementor-icon-list-text\">Centro Olaz\u00e1bal 75, Carr. 174,<br> 2do Nivel, Bayam\u00f3n PR 00959<\/span>\n\t\t\t\t\t\t\t\t\t<\/li>\n\t\t\t\t\t\t\t\t<li class=\"elementor-icon-list-item\">\n\t\t\t\t\t\t\t\t\t\t\t<a href=\"mailto:%20clientservices@allriskpr.com\">\n\n\t\t\t\t\t\t\t\t\t\t\t\t<span class=\"elementor-icon-list-icon\">\n\t\t\t\t\t\t\t<svg aria-hidden=\"true\" class=\"e-font-icon-svg e-fas-envelope\" viewBox=\"0 0 512 512\" xmlns=\"http:\/\/www.w3.org\/2000\/svg\"><path d=\"M502.3 190.8c3.9-3.1 9.7-.2 9.7 4.7V400c0 26.5-21.5 48-48 48H48c-26.5 0-48-21.5-48-48V195.6c0-5 5.7-7.8 9.7-4.7 22.4 17.4 52.1 39.5 154.1 113.6 21.1 15.4 56.7 47.8 92.2 47.6 35.7.3 72-32.8 92.3-47.6 102-74.1 131.6-96.3 154-113.7zM256 320c23.2.4 56.6-29.2 73.4-41.4 132.7-96.3 142.8-104.7 173.4-128.7 5.8-4.5 9.2-11.5 9.2-18.9v-19c0-26.5-21.5-48-48-48H48C21.5 64 0 85.5 0 112v19c0 7.4 3.4 14.3 9.2 18.9 30.6 23.9 40.7 32.4 173.4 128.7 16.8 12.2 50.2 41.8 73.4 41.4z\"><\/path><\/svg>\t\t\t\t\t\t<\/span>\n\t\t\t\t\t\t\t\t\t\t<span class=\"elementor-icon-list-text\">clientservices@allriskpr.com<\/span>\n\t\t\t\t\t\t\t\t\t\t\t<\/a>\n\t\t\t\t\t\t\t\t\t<\/li>\n\t\t\t\t\t\t<\/ul>\n\t\t\t\t\t\t<\/div>\n\t\t\t\t<\/div>\n\t\t\t\t\t<\/div>\n\t\t<\/div>\n\t\t\t\t\t<\/div>\n\t\t<\/section>\n\t\t\t\t<div class=\"elementor-element elementor-element-5df20b3 elementor-widget elementor-widget-html\" data-id=\"5df20b3\" data-element_type=\"widget\" data-e-type=\"widget\" data-widget_type=\"html.default\">\n\t\t\t\t<div class=\"elementor-widget-container\">\n\t\t\t\t\t<style>     #wpforms-271-field_6{  display:none;  } <\/style>\t\t\t\t<\/div>\n\t\t\t\t<\/div>\n\t\t\t\t<div class=\"elementor-element elementor-element-1f59037 elementor-widget elementor-widget-ha-wpform happy-addon ha-wpform\" data-id=\"1f59037\" data-element_type=\"widget\" data-e-type=\"widget\" data-widget_type=\"ha-wpform.default\">\n\t\t\t\t<div class=\"elementor-widget-container\">\n\t\t\t\t\t<div class=\"wpforms-container wpforms-container-full\" id=\"wpforms-271\"><form id=\"wpforms-form-271\" class=\"wpforms-validate wpforms-form wpforms-ajax-form\" data-formid=\"271\" method=\"post\" enctype=\"multipart\/form-data\" action=\"\/en\/wp-json\/wp\/v2\/pages\/10\" data-token=\"59167a56b4e0a193bcfff99a80f1feae\" data-token-time=\"1777567793\"><noscript class=\"wpforms-error-noscript\">Please enable JavaScript in your browser to complete this form.<\/noscript><div class=\"wpforms-field-container\"><div id=\"wpforms-271-field_6-container\" class=\"wpforms-field wpforms-field-url\" data-field-id=\"6\"><label class=\"wpforms-field-label wpforms-label-hide\" for=\"wpforms-271-field_6\">Website \/ URL<\/label><input type=\"url\" id=\"wpforms-271-field_6\" class=\"wpforms-field-large\" name=\"wpforms[fields][6]\" placeholder=\"https:\/\/allriskpr.com\/\" ><\/div><div id=\"wpforms-271-field_1-container\" class=\"wpforms-field wpforms-field-name\" data-field-id=\"1\"><label class=\"wpforms-field-label\" for=\"wpforms-271-field_1\">Nombre <span class=\"wpforms-required-label\">*<\/span><\/label><input type=\"text\" id=\"wpforms-271-field_1\" class=\"wpforms-field-large wpforms-field-required\" name=\"wpforms[fields][1]\" required><\/div><div id=\"wpforms-271-field_2-container\" class=\"wpforms-field wpforms-field-email\" data-field-id=\"2\"><label class=\"wpforms-field-label\" for=\"wpforms-271-field_2\">Email <span class=\"wpforms-required-label\">*<\/span><\/label><input type=\"email\" id=\"wpforms-271-field_2\" class=\"wpforms-field-large wpforms-field-required\" name=\"wpforms[fields][2]\" spellcheck=\"false\" required><\/div><div id=\"wpforms-271-field_5-container\" class=\"wpforms-field wpforms-field-phone\" data-field-id=\"5\"><label class=\"wpforms-field-label\" for=\"wpforms-271-field_5\">Tel\u00e9fono<\/label><input type=\"tel\" id=\"wpforms-271-field_5\" class=\"wpforms-field-large\" data-rule-int-phone-field=\"true\" name=\"wpforms[fields][5]\" aria-label=\"Tel\u00e9fono\" ><\/div><div id=\"wpforms-271-field_4-container\" class=\"wpforms-field wpforms-field-textarea\" data-field-id=\"4\"><label class=\"wpforms-field-label\" for=\"wpforms-271-field_4\">Mensaje<\/label><textarea id=\"wpforms-271-field_4\" class=\"wpforms-field-large\" name=\"wpforms[fields][4]\" ><\/textarea><\/div><\/div><!-- .wpforms-field-container --><div class=\"wpforms-recaptcha-container wpforms-is-recaptcha wpforms-is-recaptcha-type-v3\" ><input type=\"hidden\" name=\"wpforms[recaptcha]\" value=\"\"><\/div><div class=\"wpforms-submit-container\" ><input type=\"hidden\" name=\"wpforms[id]\" value=\"271\"><input type=\"hidden\" name=\"page_title\" value=\"\"><input type=\"hidden\" name=\"page_url\" value=\"https:\/\/allriskpr.com\/en\/wp-json\/wp\/v2\/pages\/10\"><input type=\"hidden\" name=\"url_referer\" value=\"\"><button type=\"submit\" name=\"wpforms[submit]\" id=\"wpforms-submit-271\" class=\"wpforms-submit\" data-alt-text=\"Enviando...\" data-submit-text=\"Enviar\" aria-live=\"assertive\" value=\"wpforms-submit\">Enviar<\/button><img decoding=\"async\" src=\"https:\/\/allriskpr.com\/wp-content\/plugins\/wpforms\/assets\/images\/submit-spin.svg\" class=\"wpforms-submit-spinner\" style=\"display: none;\" width=\"26\" height=\"26\" alt=\"Loading\"><\/div><\/form><\/div>  <!-- .wpforms-container -->\t\t\t\t<\/div>\n\t\t\t\t<\/div>\n\t\t\t\t\t<\/div>\n\t\t<\/div>\n\t\t\t\t\t<\/div>\n\t\t<\/section>\n\t\t\t\t<\/div>\n\t\t","protected":false},"excerpt":{"rendered":"<p>Comun\u00edquese Con Nosotros 787-780-1212 Centro Olaz\u00e1bal 75, Carr. 174, 2do Nivel, Bayam\u00f3n PR 00959 clientservices@allriskpr.com Please enable JavaScript in your browser to complete this form.Website \/ URLNombre *Email *Tel\u00e9fono Mensaje Enviar<\/p>","protected":false},"author":3,"featured_media":0,"parent":0,"menu_order":0,"comment_status":"closed","ping_status":"closed","template":"elementor_header_footer","meta":{"_joinchat":[],"footnotes":""},"class_list":["post-10","page","type-page","status-publish","hentry"],"yoast_head":"<!-- This site is optimized with the Yoast SEO plugin v27.5 - https:\/\/yoast.com\/product\/yoast-seo-wordpress\/ -->\n<title>All Risk Insurance Puerto Rico | Todos tus seguros, en un solo lugar<\/title>\n<meta name=\"description\" content=\"Experiencia de m\u00e1s de 30 a\u00f1os en la industria, adem\u00e1s de conocimiento y excelente comunicaci\u00f3n con las compa\u00f1\u00edas de seguros.\" \/>\n<meta name=\"robots\" content=\"index, follow, max-snippet:-1, max-image-preview:large, max-video-preview:-1\" \/>\n<link rel=\"canonical\" href=\"https:\/\/allriskpr.com\/en\/contacto\/\" \/>\n<meta property=\"og:locale\" content=\"en_US\" \/>\n<meta property=\"og:type\" content=\"article\" \/>\n<meta property=\"og:title\" content=\"All Risk Insurance Puerto Rico | Todos tus seguros, en un solo lugar\" \/>\n<meta property=\"og:description\" content=\"Experiencia de m\u00e1s de 30 a\u00f1os en la industria, adem\u00e1s de conocimiento y excelente comunicaci\u00f3n con las compa\u00f1\u00edas de seguros.\" \/>\n<meta property=\"og:url\" content=\"https:\/\/allriskpr.com\/en\/contacto\/\" \/>\n<meta property=\"og:site_name\" content=\"All Risk Insurance Puerto Rico\" \/>\n<meta property=\"article:modified_time\" content=\"2026-04-22T17:18:50+00:00\" \/>\n<meta property=\"og:image\" content=\"https:\/\/allriskpr.com\/wp-content\/uploads\/2022\/05\/logo-17.png\" \/>\n<meta name=\"twitter:card\" content=\"summary_large_image\" \/>\n<meta name=\"twitter:label1\" content=\"Est. reading time\" \/>\n\t<meta name=\"twitter:data1\" content=\"1 minute\" \/>\n<script type=\"application\/ld+json\" class=\"yoast-schema-graph\">{\"@context\":\"https:\\\/\\\/schema.org\",\"@graph\":[{\"@type\":\"WebPage\",\"@id\":\"https:\\\/\\\/allriskpr.com\\\/contacto\\\/\",\"url\":\"https:\\\/\\\/allriskpr.com\\\/contacto\\\/\",\"name\":\"All Risk Insurance Puerto Rico | Todos tus seguros, en un solo lugar\",\"isPartOf\":{\"@id\":\"https:\\\/\\\/allriskpr.com\\\/#website\"},\"primaryImageOfPage\":{\"@id\":\"https:\\\/\\\/allriskpr.com\\\/contacto\\\/#primaryimage\"},\"image\":{\"@id\":\"https:\\\/\\\/allriskpr.com\\\/contacto\\\/#primaryimage\"},\"thumbnailUrl\":\"https:\\\/\\\/allriskpr.com\\\/wp-content\\\/uploads\\\/2022\\\/05\\\/logo-17.png\",\"datePublished\":\"2022-05-25T18:33:23+00:00\",\"dateModified\":\"2026-04-22T17:18:50+00:00\",\"description\":\"Experiencia de m\u00e1s de 30 a\u00f1os en la industria, adem\u00e1s de conocimiento y excelente comunicaci\u00f3n con las compa\u00f1\u00edas de seguros.\",\"breadcrumb\":{\"@id\":\"https:\\\/\\\/allriskpr.com\\\/contacto\\\/#breadcrumb\"},\"inLanguage\":\"en-US\",\"potentialAction\":[{\"@type\":\"ReadAction\",\"target\":[\"https:\\\/\\\/allriskpr.com\\\/contacto\\\/\"]}]},{\"@type\":\"ImageObject\",\"inLanguage\":\"en-US\",\"@id\":\"https:\\\/\\\/allriskpr.com\\\/contacto\\\/#primaryimage\",\"url\":\"https:\\\/\\\/allriskpr.com\\\/wp-content\\\/uploads\\\/2022\\\/05\\\/logo-17.png\",\"contentUrl\":\"https:\\\/\\\/allriskpr.com\\\/wp-content\\\/uploads\\\/2022\\\/05\\\/logo-17.png\"},{\"@type\":\"BreadcrumbList\",\"@id\":\"https:\\\/\\\/allriskpr.com\\\/contacto\\\/#breadcrumb\",\"itemListElement\":[{\"@type\":\"ListItem\",\"position\":1,\"name\":\"Home\",\"item\":\"https:\\\/\\\/allriskpr.com\\\/\"},{\"@type\":\"ListItem\",\"position\":2,\"name\":\"Contacto\"}]},{\"@type\":\"WebSite\",\"@id\":\"https:\\\/\\\/allriskpr.com\\\/#website\",\"url\":\"https:\\\/\\\/allriskpr.com\\\/\",\"name\":\"All Risk Insurance Puerto Rico\",\"description\":\"Todos tus seguros, en un solo lugar\",\"publisher\":{\"@id\":\"https:\\\/\\\/allriskpr.com\\\/#organization\"},\"alternateName\":\"All Risk Insurance Puerto Rico\",\"potentialAction\":[{\"@type\":\"SearchAction\",\"target\":{\"@type\":\"EntryPoint\",\"urlTemplate\":\"https:\\\/\\\/allriskpr.com\\\/?s={search_term_string}\"},\"query-input\":{\"@type\":\"PropertyValueSpecification\",\"valueRequired\":true,\"valueName\":\"search_term_string\"}}],\"inLanguage\":\"en-US\"},{\"@type\":\"Organization\",\"@id\":\"https:\\\/\\\/allriskpr.com\\\/#organization\",\"name\":\"All Risk Insurance Puerto Rico\",\"url\":\"https:\\\/\\\/allriskpr.com\\\/\",\"logo\":{\"@type\":\"ImageObject\",\"inLanguage\":\"en-US\",\"@id\":\"https:\\\/\\\/allriskpr.com\\\/#\\\/schema\\\/logo\\\/image\\\/\",\"url\":\"https:\\\/\\\/allriskpr.com\\\/wp-content\\\/uploads\\\/2022\\\/05\\\/logo-17.png\",\"contentUrl\":\"https:\\\/\\\/allriskpr.com\\\/wp-content\\\/uploads\\\/2022\\\/05\\\/logo-17.png\",\"width\":669,\"height\":221,\"caption\":\"All Risk Insurance Puerto Rico\"},\"image\":{\"@id\":\"https:\\\/\\\/allriskpr.com\\\/#\\\/schema\\\/logo\\\/image\\\/\"}}]}<\/script>\n<!-- \/ Yoast SEO plugin. -->","yoast_head_json":{"title":"All Risk Insurance Puerto Rico | Todos tus seguros, en un solo lugar","description":"Experiencia de m\u00e1s de 30 a\u00f1os en la industria, adem\u00e1s de conocimiento y excelente comunicaci\u00f3n con las compa\u00f1\u00edas de seguros.","robots":{"index":"index","follow":"follow","max-snippet":"max-snippet:-1","max-image-preview":"max-image-preview:large","max-video-preview":"max-video-preview:-1"},"canonical":"https:\/\/allriskpr.com\/en\/contacto\/","og_locale":"en_US","og_type":"article","og_title":"All Risk Insurance Puerto Rico | Todos tus seguros, en un solo lugar","og_description":"Experiencia de m\u00e1s de 30 a\u00f1os en la industria, adem\u00e1s de conocimiento y excelente comunicaci\u00f3n con las compa\u00f1\u00edas de seguros.","og_url":"https:\/\/allriskpr.com\/en\/contacto\/","og_site_name":"All Risk Insurance Puerto Rico","article_modified_time":"2026-04-22T17:18:50+00:00","og_image":[{"url":"https:\/\/allriskpr.com\/wp-content\/uploads\/2022\/05\/logo-17.png","type":"","width":"","height":""}],"twitter_card":"summary_large_image","twitter_misc":{"Est. reading time":"1 minute"},"schema":{"@context":"https:\/\/schema.org","@graph":[{"@type":"WebPage","@id":"https:\/\/allriskpr.com\/contacto\/","url":"https:\/\/allriskpr.com\/contacto\/","name":"All Risk Insurance Puerto Rico | Todos tus seguros, en un solo lugar","isPartOf":{"@id":"https:\/\/allriskpr.com\/#website"},"primaryImageOfPage":{"@id":"https:\/\/allriskpr.com\/contacto\/#primaryimage"},"image":{"@id":"https:\/\/allriskpr.com\/contacto\/#primaryimage"},"thumbnailUrl":"https:\/\/allriskpr.com\/wp-content\/uploads\/2022\/05\/logo-17.png","datePublished":"2022-05-25T18:33:23+00:00","dateModified":"2026-04-22T17:18:50+00:00","description":"Experiencia de m\u00e1s de 30 a\u00f1os en la industria, adem\u00e1s de conocimiento y excelente comunicaci\u00f3n con las compa\u00f1\u00edas de seguros.","breadcrumb":{"@id":"https:\/\/allriskpr.com\/contacto\/#breadcrumb"},"inLanguage":"en-US","potentialAction":[{"@type":"ReadAction","target":["https:\/\/allriskpr.com\/contacto\/"]}]},{"@type":"ImageObject","inLanguage":"en-US","@id":"https:\/\/allriskpr.com\/contacto\/#primaryimage","url":"https:\/\/allriskpr.com\/wp-content\/uploads\/2022\/05\/logo-17.png","contentUrl":"https:\/\/allriskpr.com\/wp-content\/uploads\/2022\/05\/logo-17.png"},{"@type":"BreadcrumbList","@id":"https:\/\/allriskpr.com\/contacto\/#breadcrumb","itemListElement":[{"@type":"ListItem","position":1,"name":"Home","item":"https:\/\/allriskpr.com\/"},{"@type":"ListItem","position":2,"name":"Contacto"}]},{"@type":"WebSite","@id":"https:\/\/allriskpr.com\/#website","url":"https:\/\/allriskpr.com\/","name":"All Risk Insurance Puerto Rico","description":"Todos tus seguros, en un solo lugar","publisher":{"@id":"https:\/\/allriskpr.com\/#organization"},"alternateName":"All Risk Insurance Puerto Rico","potentialAction":[{"@type":"SearchAction","target":{"@type":"EntryPoint","urlTemplate":"https:\/\/allriskpr.com\/?s={search_term_string}"},"query-input":{"@type":"PropertyValueSpecification","valueRequired":true,"valueName":"search_term_string"}}],"inLanguage":"en-US"},{"@type":"Organization","@id":"https:\/\/allriskpr.com\/#organization","name":"All Risk Insurance Puerto Rico","url":"https:\/\/allriskpr.com\/","logo":{"@type":"ImageObject","inLanguage":"en-US","@id":"https:\/\/allriskpr.com\/#\/schema\/logo\/image\/","url":"https:\/\/allriskpr.com\/wp-content\/uploads\/2022\/05\/logo-17.png","contentUrl":"https:\/\/allriskpr.com\/wp-content\/uploads\/2022\/05\/logo-17.png","width":669,"height":221,"caption":"All Risk Insurance Puerto Rico"},"image":{"@id":"https:\/\/allriskpr.com\/#\/schema\/logo\/image\/"}}]}},"_links":{"self":[{"href":"https:\/\/allriskpr.com\/en\/wp-json\/wp\/v2\/pages\/10","targetHints":{"allow":["GET"]}}],"collection":[{"href":"https:\/\/allriskpr.com\/en\/wp-json\/wp\/v2\/pages"}],"about":[{"href":"https:\/\/allriskpr.com\/en\/wp-json\/wp\/v2\/types\/page"}],"author":[{"embeddable":true,"href":"https:\/\/allriskpr.com\/en\/wp-json\/wp\/v2\/users\/3"}],"replies":[{"embeddable":true,"href":"https:\/\/allriskpr.com\/en\/wp-json\/wp\/v2\/comments?post=10"}],"version-history":[{"count":24,"href":"https:\/\/allriskpr.com\/en\/wp-json\/wp\/v2\/pages\/10\/revisions"}],"predecessor-version":[{"id":1873,"href":"https:\/\/allriskpr.com\/en\/wp-json\/wp\/v2\/pages\/10\/revisions\/1873"}],"wp:attachment":[{"href":"https:\/\/allriskpr.com\/en\/wp-json\/wp\/v2\/media?parent=10"}],"curies":[{"name":"wp","href":"https:\/\/api.w.org\/{rel}","templated":true}]}}